{"id":10278,"date":"2025-12-05T09:58:49","date_gmt":"2025-12-05T08:58:49","guid":{"rendered":"https:\/\/preprod.e-m-p-i-r-e.eu\/revue-faire\/produit\/n56-lire-jusqua-ce-que-je-mendorme-manuel-raeder-auteur-joel-mu\/"},"modified":"2026-02-09T19:18:20","modified_gmt":"2026-02-09T18:18:20","slug":"n56-lire-jusqua-ce-que-je-mendorme-manuel-raeder-auteur-joel-mu","status":"publish","type":"product","link":"https:\/\/preprod.e-m-p-i-r-e.eu\/fr\/produit\/n56-lire-jusqua-ce-que-je-mendorme-manuel-raeder-auteur-joel-mu\/","title":{"rendered":"n\u00b056 \u2014 Lire jusqu\u2019\u00e0 ce que je m\u2019endorme : Manuel Raeder. Auteur : Joel Mu"},"content":{"rendered":"<p><em>Lire jusqu\u2019\u00e0 ce que je m\u2019endorme<\/em> r\u00e9fl\u00e9chit le travail du designer et \u00e9diteur Manuel Raeder. Une pratique qui se d\u00e9ploie entre lecteurs et livres, artistes et lieux, corps et infrastructures, mati\u00e8res et m\u00e9moires, en travaillant avec des objets explicitement charg\u00e9s de leurs histoires qui r\u00e9sistent \u00e0 la culture du jetable en affirmant la persistance de la vie des choses. L\u2019essai propose de multiples perspectives qui envisagent les in\u00e9galit\u00e9s d\u00e9terminant qui peut travailler, se reposer, produire et \u00eatre vu. Dans ce paysage, la pratique de Raeder, lecture comme sommeil, devient un acte de r\u00e9sistance, un intervalle qui r\u00e9instaure la possibilit\u00e9 d\u2019une relation, d\u2019une autonomie et d\u2019un soin. Ces vingt derni\u00e8res ann\u00e9es, il a d\u00e9velopp\u00e9 un corpus singulier d\u2019\u0153uvres allant du livre au mobilier, au v\u00eatement, aux expositions, et des collaborations de long terme avec la fondation du Studio Manuel Raeder, et la cofondation de la maison d\u2019\u00e9dition BOM DIA BOA TARDE BOA NOITE, qui demeure une \u00e9quipe de collaborateurs install\u00e9e dans son studio berlinois.<span class=\"Apple-converted-space\">\u00a0<\/span><\/p>\n","protected":false},"excerpt":{"rendered":"<p>F\u00e9vrier\/Mars 2026<\/p>\n","protected":false},"featured_media":10276,"comment_status":"closed","ping_status":"closed","template":"","meta":[],"product_brand":[],"product_cat":[3849],"product_tag":[],"contributor":[],"season":[],"subject":[],"collection":[],"artist":[],"limited_edition":[],"class_list":{"0":"post-10278","1":"product","2":"type-product","3":"status-publish","4":"has-post-thumbnail","6":"product_cat-revue-faire-fr","8":"first","9":"onbackorder","10":"featured","11":"shipping-taxable","12":"product-type-simple"},"_links":{"self":[{"href":"https:\/\/preprod.e-m-p-i-r-e.eu\/fr\/wp-json\/wp\/v2\/product\/10278","targetHints":{"allow":["GET"]}}],"collection":[{"href":"https:\/\/preprod.e-m-p-i-r-e.eu\/fr\/wp-json\/wp\/v2\/product"}],"about":[{"href":"https:\/\/preprod.e-m-p-i-r-e.eu\/fr\/wp-json\/wp\/v2\/types\/product"}],"replies":[{"embeddable":true,"href":"https:\/\/preprod.e-m-p-i-r-e.eu\/fr\/wp-json\/wp\/v2\/comments?post=10278"}],"wp:featuredmedia":[{"embeddable":true,"href":"https:\/\/preprod.e-m-p-i-r-e.eu\/fr\/wp-json\/wp\/v2\/media\/10276"}],"wp:attachment":[{"href":"https:\/\/preprod.e-m-p-i-r-e.eu\/fr\/wp-json\/wp\/v2\/media?parent=10278"}],"wp:term":[{"taxonomy":"product_brand","embeddable":true,"href":"https:\/\/preprod.e-m-p-i-r-e.eu\/fr\/wp-json\/wp\/v2\/product_brand?post=10278"},{"taxonomy":"product_cat","embeddable":true,"href":"https:\/\/preprod.e-m-p-i-r-e.eu\/fr\/wp-json\/wp\/v2\/product_cat?post=10278"},{"taxonomy":"product_tag","embeddable":true,"href":"https:\/\/preprod.e-m-p-i-r-e.eu\/fr\/wp-json\/wp\/v2\/product_tag?post=10278"},{"taxonomy":"contributor","embeddable":true,"href":"https:\/\/preprod.e-m-p-i-r-e.eu\/fr\/wp-json\/wp\/v2\/contributor?post=10278"},{"taxonomy":"season","embeddable":true,"href":"https:\/\/preprod.e-m-p-i-r-e.eu\/fr\/wp-json\/wp\/v2\/season?post=10278"},{"taxonomy":"subject","embeddable":true,"href":"https:\/\/preprod.e-m-p-i-r-e.eu\/fr\/wp-json\/wp\/v2\/subject?post=10278"},{"taxonomy":"collection","embeddable":true,"href":"https:\/\/preprod.e-m-p-i-r-e.eu\/fr\/wp-json\/wp\/v2\/collection?post=10278"},{"taxonomy":"artist","embeddable":true,"href":"https:\/\/preprod.e-m-p-i-r-e.eu\/fr\/wp-json\/wp\/v2\/artist?post=10278"},{"taxonomy":"limited_edition","embeddable":true,"href":"https:\/\/preprod.e-m-p-i-r-e.eu\/fr\/wp-json\/wp\/v2\/limited_edition?post=10278"}],"curies":[{"name":"wp","href":"https:\/\/api.w.org\/{rel}","templated":true}]}}