{"id":16861,"date":"2026-01-29T12:58:29","date_gmt":"2026-01-29T11:58:29","guid":{"rendered":"https:\/\/preprod.e-m-p-i-r-e.eu\/?post_type=product&#038;p=16861"},"modified":"2026-02-09T19:15:52","modified_gmt":"2026-02-09T18:15:52","slug":"n50-un-site-le-palais-de-la-maconnerie-typographique-auteur-thierry-chancogne","status":"publish","type":"product","link":"https:\/\/preprod.e-m-p-i-r-e.eu\/fr\/produit\/n50-un-site-le-palais-de-la-maconnerie-typographique-auteur-thierry-chancogne\/","title":{"rendered":"n\u00b050 \u2014 Un site : le Palais de la ma\u00e7onnerie typographique. Auteur : Thierry Chancogne"},"content":{"rendered":"<p><span class=\"\">Dans la rubrique \u00ab \u00e0 propos\u00bb du site du Palace of Typographie Masonry, on peut lire :<\/span><br class=\"\" \/><span class=\"\">\u00ab\u00a0Le Palais de la ma\u00e7onnerie typographique a \u00e9t\u00e9 cr\u00e9\u00e9 en tant que fondation le 15 mai 2018. Cette fondation poursuit les objectifs suivants\u00a0:<\/span><br class=\"\" \/><span class=\"\">1. Proposer \u00e0 la cr\u00e9ation en design graphique un environnement physique et\/ou virtuel et constituer une plateforme pour la pr\u00e9sentation et la publication de travaux notamment graphiques.<\/span><br class=\"\" \/><span class=\"\">2. Constituer un cadre de r\u00e9f\u00e9rence pour le design graphique.<\/span><br class=\"\" \/><span class=\"\">3. Familiariser un public diversifi\u00e9 avec le paysage d\u2019un design graphique vari\u00e9 et int\u00e9ressant.<\/span><br class=\"\" \/><span class=\"\">4. Attirer l\u2019attention sur le design graphique en tant que discipline et profession sp\u00e9cifiques.<\/span><br class=\"\" \/><span class=\"\">5. Soutenir la reconnaissance des personnalit\u00e9s qui se sont av\u00e9r\u00e9es importantes pour la profession du design graphique et\/ou son d\u00e9veloppement.\u00a0\u00bb<\/span><br class=\"\" \/><span class=\"\">\u00c0 travers quatre \u00e9changes \u00e9pistolaires, Thierry Chancogne et Richard Niessen abordent, sur un mode palatial, le contenu, les enjeux, les principes de classification de ce palais des \u00ab\u00a0splendeurs et de la vari\u00e9t\u00e9 des langages graphiques\u00a0\u00bb qui est un lieu d\u2019animation, de diffusion et de soutien d\u2019une id\u00e9e ouverte et aventureuse de notre discipline du graphisme, du design graphique, de la typographie.<\/span><\/p>\n","protected":false},"excerpt":{"rendered":"<p>Auteurs : Thierry Chancogne &amp; Richard Niessen<\/p>\n<p>60 pages<\/p>\n<p>21 \u00d7 29,7 cm, CMYK + 1 PMS en couverture<br \/>\nf\u00e9vrier 2025<br \/>\nisbn 979-10-95991-46-5<br \/>\nissn 2558-2062<\/p>\n","protected":false},"featured_media":16832,"comment_status":"closed","ping_status":"closed","template":"","meta":[],"product_brand":[],"product_cat":[3849],"product_tag":[],"contributor":[2450,50],"season":[1885],"subject":[3114,3142,3233],"collection":[],"artist":[],"limited_edition":[],"class_list":{"0":"post-16861","1":"product","2":"type-product","3":"status-publish","4":"has-post-thumbnail","6":"product_cat-revue-faire-fr","7":"contributor-richard-niessen","8":"contributor-thierry-chancogne","9":"season-1885","10":"subject-archive-fr","11":"subject-collection-fr","12":"subject-mediation-fr","14":"first","15":"instock","16":"featured","17":"shipping-taxable","18":"purchasable","19":"product-type-simple"},"_links":{"self":[{"href":"https:\/\/preprod.e-m-p-i-r-e.eu\/fr\/wp-json\/wp\/v2\/product\/16861","targetHints":{"allow":["GET"]}}],"collection":[{"href":"https:\/\/preprod.e-m-p-i-r-e.eu\/fr\/wp-json\/wp\/v2\/product"}],"about":[{"href":"https:\/\/preprod.e-m-p-i-r-e.eu\/fr\/wp-json\/wp\/v2\/types\/product"}],"replies":[{"embeddable":true,"href":"https:\/\/preprod.e-m-p-i-r-e.eu\/fr\/wp-json\/wp\/v2\/comments?post=16861"}],"wp:featuredmedia":[{"embeddable":true,"href":"https:\/\/preprod.e-m-p-i-r-e.eu\/fr\/wp-json\/wp\/v2\/media\/16832"}],"wp:attachment":[{"href":"https:\/\/preprod.e-m-p-i-r-e.eu\/fr\/wp-json\/wp\/v2\/media?parent=16861"}],"wp:term":[{"taxonomy":"product_brand","embeddable":true,"href":"https:\/\/preprod.e-m-p-i-r-e.eu\/fr\/wp-json\/wp\/v2\/product_brand?post=16861"},{"taxonomy":"product_cat","embeddable":true,"href":"https:\/\/preprod.e-m-p-i-r-e.eu\/fr\/wp-json\/wp\/v2\/product_cat?post=16861"},{"taxonomy":"product_tag","embeddable":true,"href":"https:\/\/preprod.e-m-p-i-r-e.eu\/fr\/wp-json\/wp\/v2\/product_tag?post=16861"},{"taxonomy":"contributor","embeddable":true,"href":"https:\/\/preprod.e-m-p-i-r-e.eu\/fr\/wp-json\/wp\/v2\/contributor?post=16861"},{"taxonomy":"season","embeddable":true,"href":"https:\/\/preprod.e-m-p-i-r-e.eu\/fr\/wp-json\/wp\/v2\/season?post=16861"},{"taxonomy":"subject","embeddable":true,"href":"https:\/\/preprod.e-m-p-i-r-e.eu\/fr\/wp-json\/wp\/v2\/subject?post=16861"},{"taxonomy":"collection","embeddable":true,"href":"https:\/\/preprod.e-m-p-i-r-e.eu\/fr\/wp-json\/wp\/v2\/collection?post=16861"},{"taxonomy":"artist","embeddable":true,"href":"https:\/\/preprod.e-m-p-i-r-e.eu\/fr\/wp-json\/wp\/v2\/artist?post=16861"},{"taxonomy":"limited_edition","embeddable":true,"href":"https:\/\/preprod.e-m-p-i-r-e.eu\/fr\/wp-json\/wp\/v2\/limited_edition?post=16861"}],"curies":[{"name":"wp","href":"https:\/\/api.w.org\/{rel}","templated":true}]}}