{"id":16901,"date":"2026-01-29T17:16:57","date_gmt":"2026-01-29T16:16:57","guid":{"rendered":"https:\/\/preprod.e-m-p-i-r-e.eu\/?post_type=product&#038;p=16901"},"modified":"2026-02-09T19:15:34","modified_gmt":"2026-02-09T18:15:34","slug":"n46-une-approche-calculee-la-raison-deraisonnee-de-norm-auteur-james-langdon","status":"publish","type":"product","link":"https:\/\/preprod.e-m-p-i-r-e.eu\/fr\/produit\/n46-une-approche-calculee-la-raison-deraisonnee-de-norm-auteur-james-langdon\/","title":{"rendered":"n\u00b046 \u2014 Une approche calcul\u00e9e : La raison d\u00e9raisonn\u00e9e de Norm. Auteur : James Langdon"},"content":{"rendered":"<p>Norm est un studio de design graphique zurichois. Fond\u00e9 en 1999 par Dimitri Bruni (1970) et Manuel Krebs (1970), il a \u00e9t\u00e9 rejoint par Ludovic Varone (1977) en 2005. Norm n\u2019a connu que le design graphique num\u00e9rique. C\u2019est sa langue maternelle. L\u2019ordinateur est son outil et Norm ma\u00eetrise l\u2019ordinateur. Dans 100 ans on ne connaitra plus M\u00fcller-Brockmann, Gerstner ou Hofmann. De pr\u00e9tentieux pr\u00e9historiques. Mais on connaitra Norm. Norm est ce \u00e0 quoi tous ces derniers r\u00eavaient. Ce qu\u2019ils on cherch\u00e9 \u00e0 atteindre sans jamais y parvenir. Ils ne resteront que comme les initiateurs anonymes de Norm. Ils auront travaill\u00e9 \u00e0 l\u2019\u00e9dification de ce ciel glorieux sans vivre assez pour le voir achev\u00e9. Nous ne parlerons pas plus longtemps d\u2019eux. Disparus.<\/p>\n","protected":false},"excerpt":{"rendered":"<p>Auteur : James Langdon<br \/>\n68 pages, 21 \u00d7 29,7 cm, Noir et blanc + CMJN 1 PMS en couverture<br \/>\nnovembre 2024<br \/>\nisbn 979-10-95991-43-4<br \/>\nissn 2558-2062<\/p>\n","protected":false},"featured_media":16882,"comment_status":"closed","ping_status":"closed","template":"","meta":[],"product_brand":[],"product_cat":[3849],"product_tag":[],"contributor":[41],"season":[1885],"subject":[3197,3202,3128,3245],"collection":[],"artist":[],"limited_edition":[],"class_list":{"0":"post-16901","1":"product","2":"type-product","3":"status-publish","4":"has-post-thumbnail","6":"product_cat-revue-faire-fr","7":"contributor-james-langdon","8":"season-1885","9":"subject-image-fr","10":"subject-lineto-fr","11":"subject-reproduction-fr","12":"subject-specimen-fr","14":"first","15":"instock","16":"featured","17":"shipping-taxable","18":"purchasable","19":"product-type-simple"},"_links":{"self":[{"href":"https:\/\/preprod.e-m-p-i-r-e.eu\/fr\/wp-json\/wp\/v2\/product\/16901","targetHints":{"allow":["GET"]}}],"collection":[{"href":"https:\/\/preprod.e-m-p-i-r-e.eu\/fr\/wp-json\/wp\/v2\/product"}],"about":[{"href":"https:\/\/preprod.e-m-p-i-r-e.eu\/fr\/wp-json\/wp\/v2\/types\/product"}],"replies":[{"embeddable":true,"href":"https:\/\/preprod.e-m-p-i-r-e.eu\/fr\/wp-json\/wp\/v2\/comments?post=16901"}],"wp:featuredmedia":[{"embeddable":true,"href":"https:\/\/preprod.e-m-p-i-r-e.eu\/fr\/wp-json\/wp\/v2\/media\/16882"}],"wp:attachment":[{"href":"https:\/\/preprod.e-m-p-i-r-e.eu\/fr\/wp-json\/wp\/v2\/media?parent=16901"}],"wp:term":[{"taxonomy":"product_brand","embeddable":true,"href":"https:\/\/preprod.e-m-p-i-r-e.eu\/fr\/wp-json\/wp\/v2\/product_brand?post=16901"},{"taxonomy":"product_cat","embeddable":true,"href":"https:\/\/preprod.e-m-p-i-r-e.eu\/fr\/wp-json\/wp\/v2\/product_cat?post=16901"},{"taxonomy":"product_tag","embeddable":true,"href":"https:\/\/preprod.e-m-p-i-r-e.eu\/fr\/wp-json\/wp\/v2\/product_tag?post=16901"},{"taxonomy":"contributor","embeddable":true,"href":"https:\/\/preprod.e-m-p-i-r-e.eu\/fr\/wp-json\/wp\/v2\/contributor?post=16901"},{"taxonomy":"season","embeddable":true,"href":"https:\/\/preprod.e-m-p-i-r-e.eu\/fr\/wp-json\/wp\/v2\/season?post=16901"},{"taxonomy":"subject","embeddable":true,"href":"https:\/\/preprod.e-m-p-i-r-e.eu\/fr\/wp-json\/wp\/v2\/subject?post=16901"},{"taxonomy":"collection","embeddable":true,"href":"https:\/\/preprod.e-m-p-i-r-e.eu\/fr\/wp-json\/wp\/v2\/collection?post=16901"},{"taxonomy":"artist","embeddable":true,"href":"https:\/\/preprod.e-m-p-i-r-e.eu\/fr\/wp-json\/wp\/v2\/artist?post=16901"},{"taxonomy":"limited_edition","embeddable":true,"href":"https:\/\/preprod.e-m-p-i-r-e.eu\/fr\/wp-json\/wp\/v2\/limited_edition?post=16901"}],"curies":[{"name":"wp","href":"https:\/\/api.w.org\/{rel}","templated":true}]}}