{"id":17394,"date":"2021-08-24T15:33:37","date_gmt":"2021-08-24T13:33:37","guid":{"rendered":"https:\/\/preprod.e-m-p-i-r-e.eu\/produit\/n42-a-conundrum-the-visual-communication-of-neuroscience-author-james-langdon\/"},"modified":"2026-02-09T19:43:37","modified_gmt":"2026-02-09T18:43:37","slug":"n42-a-conundrum-the-visual-communication-of-neuroscience-author-james-langdon","status":"publish","type":"product","link":"https:\/\/preprod.e-m-p-i-r-e.eu\/fr\/produit\/n42-a-conundrum-the-visual-communication-of-neuroscience-author-james-langdon\/","title":{"rendered":"n\u00b044 \u2014 Une \u00e9nigme : la communication visuelle des neurosciences. Auteur : James Langdon"},"content":{"rendered":"<article id=\"post-3921\" class=\"post-3921 post type-post status-publish format-standard hentry category-season-3\">Les neurosciences sont une science visuelle. Notre compr\u00e9hension de la biologie du cerveau trouve son origine dans les premi\u00e8res images de neurones et de dendrites produites par Santiago Ram\u00f3n y Cajal et Camillo Golgi \u00e0 la fin du XIX<sup>e<\/sup> si\u00e8cle. Au cours des derni\u00e8res d\u00e9cennies, les neurosciences ont adopt\u00e9 l\u2019imagerie num\u00e9rique. Nous avons \u00e9t\u00e9 t\u00e9moins d\u2019images dynamiques de cerveaux vivants produites par r\u00e9sonance magn\u00e9tique et des repr\u00e9sentations complexes de \u00ab\u00a0connectomique neuronale\u00a0\u00bb qui promettent \u00e0 terme de r\u00e9v\u00e9ler le \u00ab\u00a0sch\u00e9ma de c\u00e2blage\u00a0\u00bb du cerveau humain. De telles images ne sont pas simplement la documentation d\u2019un travail scientifique, elles sont elles-m\u00eames des sources primaires de recherche. Les images sont la science.<\/p>\n<p class=\"p1\">\u00a0 \u00a0 \u00a0 \u00a0 \u00a0\u00a0Pourtant, l\u2019interaction des neurosciences avec la culture visuelle dominante tend vers la simplification et l\u2019amateurisme. La communication scientifique semble consid\u00e9rer le design graphique et la direction artistique avec scepticisme, pr\u00e9f\u00e9rant contextualiser les images techniques avec un collage de dessins anim\u00e9s, de m\u00e8mes Internet et de photographies g\u00e9n\u00e9riques de haute technologie. En revanche, l\u2019industrie \u00e9mergente de la neurotechnologie adopte le langage visuel de la \u00ab\u00a0grande technologie\u00a0\u00bb d\u2019entreprise. Le projet Neuralink de l\u2019entrepreneur milliardaire Elon Musk pr\u00e9sente sa technologie exp\u00e9rimentale d\u2019implant neuronal comme s\u2019il s\u2019agissait d\u2019un appareil commercial innocent.<\/p>\n<p class=\"p1\">\u00a0 \u00a0 \u00a0 \u00a0 \u00a0\u00a0In\u00e9vitablement, les neurosciences offriront bient\u00f4t des opportunit\u00e9s d\u2019augmenter technologiquement le cerveau humain, ce qui pourrait renforcer davantage les in\u00e9galit\u00e9s et la stratification dans notre soci\u00e9t\u00e9. Ce texte n\u2019est pas un appel \u00e0 une collaboration interdisciplinaire plus amicale entre le design graphique et les neurosciences, mais une \u00e9valuation critique de du vocabulaire visuel d\u2019un domaine du point de vue d\u2019un autre.<\/p>\n<\/article>\n","protected":false},"excerpt":{"rendered":"<p>Auteur : James Langdon<br \/>\n20 pages, 21 \u00d7 29,7 cm, CMJN + 1 PMS<br \/>\n15 f\u00e9vrier 2023<br \/>\nisbn 979-10-95991-42-7<br \/>\nissn 2558-2062<\/p>\n","protected":false},"featured_media":16937,"comment_status":"open","ping_status":"closed","template":"","meta":[],"product_brand":[],"product_cat":[3849],"product_tag":[],"contributor":[41],"season":[35],"subject":[3302,3197,3913,3233,3128],"collection":[],"artist":[3911,3912],"limited_edition":[],"class_list":{"0":"post-17394","1":"product","2":"type-product","3":"status-publish","4":"has-post-thumbnail","6":"product_cat-revue-faire-fr","7":"contributor-james-langdon","8":"season-35","9":"subject-illustration-fr","10":"subject-image-fr","11":"subject-image-bank-fr","12":"subject-mediation-fr","13":"subject-reproduction-fr","14":"artist-camillo-golgi","15":"artist-santiago-ramon-y-cajal","17":"first","18":"instock","19":"featured","20":"shipping-taxable","21":"purchasable","22":"product-type-simple"},"_links":{"self":[{"href":"https:\/\/preprod.e-m-p-i-r-e.eu\/fr\/wp-json\/wp\/v2\/product\/17394","targetHints":{"allow":["GET"]}}],"collection":[{"href":"https:\/\/preprod.e-m-p-i-r-e.eu\/fr\/wp-json\/wp\/v2\/product"}],"about":[{"href":"https:\/\/preprod.e-m-p-i-r-e.eu\/fr\/wp-json\/wp\/v2\/types\/product"}],"replies":[{"embeddable":true,"href":"https:\/\/preprod.e-m-p-i-r-e.eu\/fr\/wp-json\/wp\/v2\/comments?post=17394"}],"wp:featuredmedia":[{"embeddable":true,"href":"https:\/\/preprod.e-m-p-i-r-e.eu\/fr\/wp-json\/wp\/v2\/media\/16937"}],"wp:attachment":[{"href":"https:\/\/preprod.e-m-p-i-r-e.eu\/fr\/wp-json\/wp\/v2\/media?parent=17394"}],"wp:term":[{"taxonomy":"product_brand","embeddable":true,"href":"https:\/\/preprod.e-m-p-i-r-e.eu\/fr\/wp-json\/wp\/v2\/product_brand?post=17394"},{"taxonomy":"product_cat","embeddable":true,"href":"https:\/\/preprod.e-m-p-i-r-e.eu\/fr\/wp-json\/wp\/v2\/product_cat?post=17394"},{"taxonomy":"product_tag","embeddable":true,"href":"https:\/\/preprod.e-m-p-i-r-e.eu\/fr\/wp-json\/wp\/v2\/product_tag?post=17394"},{"taxonomy":"contributor","embeddable":true,"href":"https:\/\/preprod.e-m-p-i-r-e.eu\/fr\/wp-json\/wp\/v2\/contributor?post=17394"},{"taxonomy":"season","embeddable":true,"href":"https:\/\/preprod.e-m-p-i-r-e.eu\/fr\/wp-json\/wp\/v2\/season?post=17394"},{"taxonomy":"subject","embeddable":true,"href":"https:\/\/preprod.e-m-p-i-r-e.eu\/fr\/wp-json\/wp\/v2\/subject?post=17394"},{"taxonomy":"collection","embeddable":true,"href":"https:\/\/preprod.e-m-p-i-r-e.eu\/fr\/wp-json\/wp\/v2\/collection?post=17394"},{"taxonomy":"artist","embeddable":true,"href":"https:\/\/preprod.e-m-p-i-r-e.eu\/fr\/wp-json\/wp\/v2\/artist?post=17394"},{"taxonomy":"limited_edition","embeddable":true,"href":"https:\/\/preprod.e-m-p-i-r-e.eu\/fr\/wp-json\/wp\/v2\/limited_edition?post=17394"}],"curies":[{"name":"wp","href":"https:\/\/api.w.org\/{rel}","templated":true}]}}