{"id":17399,"date":"2021-08-24T15:28:55","date_gmt":"2021-08-24T13:28:55","guid":{"rendered":"https:\/\/preprod.e-m-p-i-r-e.eu\/produit\/n36-photography-suspended-herbert-bayer-author-remi-parcollet\/"},"modified":"2026-02-09T20:04:30","modified_gmt":"2026-02-09T19:04:30","slug":"n36-photography-suspended-herbert-bayer-author-remi-parcollet","status":"publish","type":"product","link":"https:\/\/preprod.e-m-p-i-r-e.eu\/fr\/produit\/n36-photography-suspended-herbert-bayer-author-remi-parcollet\/","title":{"rendered":"n\u00b036 \u2014 La photographie suspendue : Herbert Bayer. Auteur : Remi Parcollet"},"content":{"rendered":"<p>La tendance consistant \u00e0 spatialiser la photographie, et plus sp\u00e9cifiquement la photographie documentaire, s\u2019affirme clairement en 1951 \u00e0 travers les expositions : <i>The new landscape<\/i> de Gy\u00f6rgy Kepes au Massachusetts Institute of Technology, <i>Architettura, misura dell\u2019uomo<\/i> (IX Triennale de Milan) d\u2019Ernesto N. Rogers, Vittorio Gregotti et Giotto Stoppino, et en 1953 <i>Parallel of Life en Art<\/i> \u00e0 l\u2019Institute of Contemporary Art (ICA) de Londres. Les documentations de ces trois \u00abdisplay\u00bb jouent un r\u00f4le essentiel sur l\u2019\u00e9volution des modes de monstration de la photographie. Elles viennent, comme celles des expositions du MoMA mises en espace par Herbert Bayer, <i>Road to Victory et Airway to Peace<\/i>, alimenter la r\u00e9flexion qui se d\u00e9veloppe magistralement dans l\u2019ouvrage Display de Georges Nelson, publi\u00e9 en 1956.<\/p>\n<p class=\"p1\">\u00a0 \u00a0 \u00a0 \u00a0 \u00a0\u00a0Bayer con\u00e7oit l\u2019exposition moderne \u00e0 partir des principes de la New Vision, selon lui elle ne doit pas tenir le spectateur \u00e0 distance mais l\u2019accompagner et l\u2019englober. En 1961, il compile ses id\u00e9es sur la conception des expositions dans un article, <i>Aspect du design des expositions et des mus\u00e9es<\/i>*, et prend pour r\u00e9f\u00e9rence l\u2019exposition de l\u2019Obmokhou \u00e0 Moscou en 1921, o\u00f9 il observe \u00e0 travers sa documentation visuelle \u00ab qu\u2019une \u00e9limination radicale de l\u2019inessentiel a eu lieu\u2009\u2009\u2009\u00bb r\u00e9sultant d\u2019une recherche de la l\u00e9g\u00e8ret\u00e9 et de l\u2019apesanteur avec un minimum d\u2019utilisation de mati\u00e8re. Il consid\u00e8re alors qu\u2019il faut : \u00ab \u00e9liminer tous les \u00e9l\u00e9ments, structurels et autres, susceptibles de nuire ou d\u2019interf\u00e9rer avec les images elles-m\u00eames. La solution ultime de ce train de pens\u00e9e serait l\u2019affichage cr\u00e9\u00e9 sans aucun effort mat\u00e9riel ou support visible, plac\u00e9 en l\u2019air (\u2026) \u00bb.<\/p>\n<p>&nbsp;<\/p>\n<p>* Herbert Bayer \u00ab Aspect of Design of Exhibitions and Museums \u00bb, Curator, vol. 4 n\u00b03, 1961, p.258<\/p>\n","protected":false},"excerpt":{"rendered":"<p>Auteur : Remi Parcollet<br \/>\n28 pages, 21 \u00d7 29,7 cm, CMJN + 1 PMS en couverture<br \/>\n16 mars 2022<br \/>\nisbn 979-10-95991-40-3<br \/>\nissn 2558-2062<\/p>\n","protected":false},"featured_media":17037,"comment_status":"open","ping_status":"closed","template":"","meta":[],"product_brand":[],"product_cat":[3849],"product_tag":[3958,3959,203,3936,3961,3941,3962,3963,3964,3945,3946,3965,3966,3967,3947,3968,3969,3970,3971,3972,3973,3974,3975,3976,3954],"contributor":[144],"season":[35],"subject":[3114,3185,3977,3978,3197,3957,3885,3979],"collection":[],"artist":[3935],"limited_edition":[],"class_list":{"0":"post-17399","1":"product","2":"type-product","3":"status-publish","4":"has-post-thumbnail","6":"product_cat-revue-faire-fr","7":"product_tag-albert-fenn-2-fr","8":"product_tag-archive-2-fr","9":"product_tag-art-fr","10":"product_tag-bauhaus-2-fr","11":"product_tag-berenice-abbott-2-fr","12":"product_tag-el-lissitzky-fr-2","13":"product_tag-exhibition-fr","14":"product_tag-exhibition-view-fr","15":"product_tag-ezra-stoller-2-fr","16":"product_tag-herbert-bayer-2-fr","17":"product_tag-history-fr","18":"product_tag-image-fr-2","19":"product_tag-installation-2-fr","20":"product_tag-karl-herrmann-2-fr","21":"product_tag-laszlo-moholy-nagy-fr-2","22":"product_tag-martin-beck-2-fr","23":"product_tag-new-york-fr-2","24":"product_tag-nigel-anderson-2-fr","25":"product_tag-photography-fr","26":"product_tag-photography-exhibition-fr","27":"product_tag-remi-parcollet-2-fr","28":"product_tag-richard-hamilton-fr-2","29":"product_tag-rolf-petersen-2-fr","30":"product_tag-set-design-fr","31":"product_tag-walter-gropius-2-fr","32":"contributor-remi-parcollet","33":"season-35","34":"subject-archive-fr","35":"subject-art-fr","36":"subject-exhibition-fr","37":"subject-exhibition-view-fr","38":"subject-image-fr","39":"subject-modern-art-fr","40":"subject-photography-fr","41":"subject-signage-fr","42":"artist-herbert-bayer","44":"first","45":"instock","46":"featured","47":"shipping-taxable","48":"purchasable","49":"product-type-simple"},"_links":{"self":[{"href":"https:\/\/preprod.e-m-p-i-r-e.eu\/fr\/wp-json\/wp\/v2\/product\/17399","targetHints":{"allow":["GET"]}}],"collection":[{"href":"https:\/\/preprod.e-m-p-i-r-e.eu\/fr\/wp-json\/wp\/v2\/product"}],"about":[{"href":"https:\/\/preprod.e-m-p-i-r-e.eu\/fr\/wp-json\/wp\/v2\/types\/product"}],"replies":[{"embeddable":true,"href":"https:\/\/preprod.e-m-p-i-r-e.eu\/fr\/wp-json\/wp\/v2\/comments?post=17399"}],"wp:featuredmedia":[{"embeddable":true,"href":"https:\/\/preprod.e-m-p-i-r-e.eu\/fr\/wp-json\/wp\/v2\/media\/17037"}],"wp:attachment":[{"href":"https:\/\/preprod.e-m-p-i-r-e.eu\/fr\/wp-json\/wp\/v2\/media?parent=17399"}],"wp:term":[{"taxonomy":"product_brand","embeddable":true,"href":"https:\/\/preprod.e-m-p-i-r-e.eu\/fr\/wp-json\/wp\/v2\/product_brand?post=17399"},{"taxonomy":"product_cat","embeddable":true,"href":"https:\/\/preprod.e-m-p-i-r-e.eu\/fr\/wp-json\/wp\/v2\/product_cat?post=17399"},{"taxonomy":"product_tag","embeddable":true,"href":"https:\/\/preprod.e-m-p-i-r-e.eu\/fr\/wp-json\/wp\/v2\/product_tag?post=17399"},{"taxonomy":"contributor","embeddable":true,"href":"https:\/\/preprod.e-m-p-i-r-e.eu\/fr\/wp-json\/wp\/v2\/contributor?post=17399"},{"taxonomy":"season","embeddable":true,"href":"https:\/\/preprod.e-m-p-i-r-e.eu\/fr\/wp-json\/wp\/v2\/season?post=17399"},{"taxonomy":"subject","embeddable":true,"href":"https:\/\/preprod.e-m-p-i-r-e.eu\/fr\/wp-json\/wp\/v2\/subject?post=17399"},{"taxonomy":"collection","embeddable":true,"href":"https:\/\/preprod.e-m-p-i-r-e.eu\/fr\/wp-json\/wp\/v2\/collection?post=17399"},{"taxonomy":"artist","embeddable":true,"href":"https:\/\/preprod.e-m-p-i-r-e.eu\/fr\/wp-json\/wp\/v2\/artist?post=17399"},{"taxonomy":"limited_edition","embeddable":true,"href":"https:\/\/preprod.e-m-p-i-r-e.eu\/fr\/wp-json\/wp\/v2\/limited_edition?post=17399"}],"curies":[{"name":"wp","href":"https:\/\/api.w.org\/{rel}","templated":true}]}}