{"id":17749,"date":"2026-02-16T12:39:54","date_gmt":"2026-02-16T11:39:54","guid":{"rendered":"https:\/\/preprod.e-m-p-i-r-e.eu\/?post_type=product&#038;p=17749"},"modified":"2026-02-16T12:41:23","modified_gmt":"2026-02-16T11:41:23","slug":"17749","status":"publish","type":"product","link":"https:\/\/preprod.e-m-p-i-r-e.eu\/fr\/produit\/17749\/","title":{"rendered":"Revue Faire saison 1, num\u00e9ros 1 \u00e0 15"},"content":{"rendered":"<p>n\u00b001 \u2014 <span style=\"text-decoration: underline;\">Une collection<\/span>\u202f: Rouge-gorge aux \u00e9ditions Cent pages par SpMillot. Auteur\u202f: Thierry Chancogne<\/p>\n<p>n\u00b002 \u2014 <span style=\"text-decoration: underline;\">Une plateforme technique<\/span>\u202f: www.colorlibrary.ch par Maximage. Auteure\u202f: Manon Bruet<br \/>\nn\u00b003 \u2014\u00a0<span style=\"text-decoration: underline;\">Une monographie<\/span>\u202f:\u00a0<em>Recollected Work<\/em>\u00a0par Mevis &amp; Van Deursen. Auteur\u202f: \u00c9tienne Hervy<br \/>\nn\u00b004 \u2014\u00a0<span style=\"text-decoration: underline;\">Une communication<\/span>\u202f: Cartons d\u2019invitation de l\u2019artiste Stanley Brouwn. Auteure\u202f: C\u00e9line Chazalviel<br \/>\nn\u00b005 \u2014\u00a0<span style=\"text-decoration: underline;\">Un post Instagram<\/span>\u202f: P\/Pa\/Para\/Paradiso par jetset_experimental (1 Juillet 2017). Auteure\u202f: Manon Bruet<\/p>\n<p>n\u00b006 \u2014\u00a0<span style=\"text-decoration: underline;\">Une suite de gestes\u202f<\/span>:\u00a0<em>Invisible Touch<\/em>. De Farocki \u00e0 l\u2019<em>Architecture Aujourd\u2019hui<\/em>, quelques notes sur le manuel des choses. Auteure\u202f: Catherine Guiral<\/p>\n<p>n\u00b007 \u2014\u00a0<span style=\"text-decoration: underline;\">Un livre<\/span>\u202f:\u00a0<em>Parallel Encyclopedia<\/em>, Batia Suter. Auteur\u202f: J\u00e9r\u00f4me Dupeyrat<\/p>\n<p>n\u00b008 \u2014\u00a0<span style=\"text-decoration: underline;\">Une r\u00e9sidence<\/span>\u202f: Coline Sunier et Charles Maz\u00e9 \u00e0 la Villa M\u00e9dicis. Auteur\u202f: Thierry Chancogne<\/p>\n<p>n\u00b009 \u2014\u00a0<span style=\"text-decoration: underline;\">Une typographie<\/span>\u202f: Le\u00a0<em>Mitim<\/em>\u00a0de Radim Pesko. Auteur\u202f: Thierry Chancogne<\/p>\n<p>n\u00b010 \u2014\u00a0<span style=\"text-decoration: underline;\">Une ligne<\/span>\u202f: Robert Brownjohn. Auteur\u202f: \u00c9tienne Hervy, Natasha Leluc<\/p>\n<p>n\u00b011 \u2014\u00a0<span style=\"text-decoration: underline;\">Une exposition imprim\u00e9e<\/span>\u202f:\u00a0<em>vol.19<\/em>\u00a0de Klaus Scher\u00fcbel et\u00a0<em>Title of the Show<\/em>\u00a0de Julia Born,\u00a0<em>THEREHERETHENTHERE<\/em>\u00a0de Simon Starling. Auteur\u202f: J\u00e9r\u00f4me Dupeyrat<\/p>\n<p>n\u00b012 \u2014\u00a0<span style=\"text-decoration: underline;\">Une revue<\/span>\u202f: Poster of a Girl, Revue\u00a0<em>Emmanuelle<\/em>. Auteures\u202f: Catherine Guiral et Sarah Vad\u00e9<\/p>\n<p>n\u00b013 \u2014\u00a0<span style=\"text-decoration: underline;\">Une proposition curatoriale<\/span>\u202f:\u00a0<em>Graphic Design in the White Cube<\/em>\u00a0par Peter Bil\u2019ak. Auteure\u202f: Lise Brosseau<\/p>\n<p>n\u00b014 \u2014\u00a0<span style=\"text-decoration: underline;\">Une s\u00e9rie d\u2019affiches<\/span>\u202f: CDDB Th\u00e9\u00e2tre de Lorient par M\/M (Paris). Auteur\u202f: \u00c9tienne Hervy<\/p>\n<p>n\u00b015 \u2014\u00a0<span style=\"text-decoration: underline;\">Un travail quotidien<\/span>\u00a0: le Mucem. Auteurs : Manon Bruet et Thomas Petitjean. + Questions pos\u00e9es \u00e0 Experimental Jetset, Bureau Mirko Borsche, Cornel Windlin, OK-RM, Mevis &amp; van Deursen, Strobo, Roosje Klap, Studio Dumbar.<\/p>\n","protected":false},"excerpt":{"rendered":"<p>Revues num\u00e9ros 1, 2, 3, 4, 5, 6, 7, 8, 9, 10, 11, 12, 13, 14 et 15<br \/>\n15 \u00d7 20 pages ou plus, Piq\u00fbre \u00e0 cheval<br \/>\n210 \u00d7 297 mm, CMJN et parfois plus<br \/>\nConception graphique :\u00a0<a href=\"http:\/\/www.s-y-n-d-i-c-a-t.eu\/\">Syndicat<\/a><br \/>\n2017-2018<br \/>\n\u00c9puis\u00e9 \u2014 disponible uniquement sur demande<\/p>\n","protected":false},"featured_media":17457,"comment_status":"open","ping_status":"closed","template":"","meta":[],"product_brand":[],"product_cat":[164],"product_tag":[],"contributor":[],"season":[],"subject":[3901],"collection":[4560],"artist":[],"limited_edition":[],"class_list":{"0":"post-17749","1":"product","2":"type-product","3":"status-publish","4":"has-post-thumbnail","6":"product_cat-empire-fr","7":"subject-graphic-design-fr","8":"collection-revue-faire-fr","10":"first","11":"outofstock","12":"shipping-taxable","13":"product-type-simple"},"_links":{"self":[{"href":"https:\/\/preprod.e-m-p-i-r-e.eu\/fr\/wp-json\/wp\/v2\/product\/17749","targetHints":{"allow":["GET"]}}],"collection":[{"href":"https:\/\/preprod.e-m-p-i-r-e.eu\/fr\/wp-json\/wp\/v2\/product"}],"about":[{"href":"https:\/\/preprod.e-m-p-i-r-e.eu\/fr\/wp-json\/wp\/v2\/types\/product"}],"replies":[{"embeddable":true,"href":"https:\/\/preprod.e-m-p-i-r-e.eu\/fr\/wp-json\/wp\/v2\/comments?post=17749"}],"wp:featuredmedia":[{"embeddable":true,"href":"https:\/\/preprod.e-m-p-i-r-e.eu\/fr\/wp-json\/wp\/v2\/media\/17457"}],"wp:attachment":[{"href":"https:\/\/preprod.e-m-p-i-r-e.eu\/fr\/wp-json\/wp\/v2\/media?parent=17749"}],"wp:term":[{"taxonomy":"product_brand","embeddable":true,"href":"https:\/\/preprod.e-m-p-i-r-e.eu\/fr\/wp-json\/wp\/v2\/product_brand?post=17749"},{"taxonomy":"product_cat","embeddable":true,"href":"https:\/\/preprod.e-m-p-i-r-e.eu\/fr\/wp-json\/wp\/v2\/product_cat?post=17749"},{"taxonomy":"product_tag","embeddable":true,"href":"https:\/\/preprod.e-m-p-i-r-e.eu\/fr\/wp-json\/wp\/v2\/product_tag?post=17749"},{"taxonomy":"contributor","embeddable":true,"href":"https:\/\/preprod.e-m-p-i-r-e.eu\/fr\/wp-json\/wp\/v2\/contributor?post=17749"},{"taxonomy":"season","embeddable":true,"href":"https:\/\/preprod.e-m-p-i-r-e.eu\/fr\/wp-json\/wp\/v2\/season?post=17749"},{"taxonomy":"subject","embeddable":true,"href":"https:\/\/preprod.e-m-p-i-r-e.eu\/fr\/wp-json\/wp\/v2\/subject?post=17749"},{"taxonomy":"collection","embeddable":true,"href":"https:\/\/preprod.e-m-p-i-r-e.eu\/fr\/wp-json\/wp\/v2\/collection?post=17749"},{"taxonomy":"artist","embeddable":true,"href":"https:\/\/preprod.e-m-p-i-r-e.eu\/fr\/wp-json\/wp\/v2\/artist?post=17749"},{"taxonomy":"limited_edition","embeddable":true,"href":"https:\/\/preprod.e-m-p-i-r-e.eu\/fr\/wp-json\/wp\/v2\/limited_edition?post=17749"}],"curies":[{"name":"wp","href":"https:\/\/api.w.org\/{rel}","templated":true}]}}